{"id":2007,"date":"2026-04-28T21:42:11","date_gmt":"2026-04-28T21:42:11","guid":{"rendered":"https:\/\/mmj.bcardmexico.com\/?post_type=product&#038;p=2007"},"modified":"2026-04-28T21:42:12","modified_gmt":"2026-04-28T21:42:12","slug":"llave-remota-universal","status":"publish","type":"product","link":"https:\/\/mmj.bcardmexico.com\/?product=llave-remota-universal","title":{"rendered":"Llave Remota Universal"},"content":{"rendered":"","protected":false},"excerpt":{"rendered":"<p>1.100% carcasa de llave modificada nueva y de alta calidad con pantalla LCD. 2. Un cerrajero profesional necesita soldar el tablero de control remoto de la llave original. 3. de la llave LCD Funciones: desbloquear, bloquear, cambiar la caja trasera. 4. No admite la tecla de la aplicaci\u00f3n m\u00f3vil, sin funci\u00f3n de entrada c\u00f3moda. 5.Adecuado para todos los coches originales con funci\u00f3n de arranque de una tecla, no apto para todas las llaves manuales de coche de enchufe directo. 6. Confirme si tiene una funci\u00f3n de inicio clave antes de comprar. Es mejor enviar una foto de su llave original para confirmar.<\/p>\n","protected":false},"featured_media":2008,"comment_status":"open","ping_status":"closed","template":"","meta":[],"etheme_brands":[],"product_brand":[],"product_cat":[56],"product_tag":[],"class_list":{"0":"post-2007","1":"product","2":"type-product","3":"status-publish","4":"has-post-thumbnail","6":"product_cat-llave","8":"first","9":"instock","10":"shipping-taxable","11":"product-type-simple"},"yoast_head":"<!-- This site is optimized with the Yoast SEO Premium plugin v23.4 (Yoast SEO v23.4) - https:\/\/yoast.com\/wordpress\/plugins\/seo\/ -->\n<title>Llave Remota Universal - MMJ CERRAJER\u00cdA<\/title>\n<meta name=\"robots\" content=\"index, follow, max-snippet:-1, max-image-preview:large, max-video-preview:-1\" \/>\n<link rel=\"canonical\" href=\"https:\/\/mmj.bcardmexico.com\/?product=llave-remota-universal\" \/>\n<meta property=\"og:locale\" content=\"es_MX\" \/>\n<meta property=\"og:type\" content=\"article\" \/>\n<meta property=\"og:title\" content=\"Llave Remota Universal\" \/>\n<meta property=\"og:description\" content=\"1.100% carcasa de llave modificada nueva y de alta calidad con pantalla LCD. 2. Un cerrajero profesional necesita soldar el tablero de control remoto de la llave original. 3. de la llave LCD Funciones: desbloquear, bloquear, cambiar la caja trasera. 4. No admite la tecla de la aplicaci\u00f3n m\u00f3vil, sin funci\u00f3n de entrada c\u00f3moda. 5.Adecuado para todos los coches originales con funci\u00f3n de arranque de una tecla, no apto para todas las llaves manuales de coche de enchufe directo. 6. Confirme si tiene una funci\u00f3n de inicio clave antes de comprar. Es mejor enviar una foto de su llave original para confirmar.\" \/>\n<meta property=\"og:url\" content=\"https:\/\/mmj.bcardmexico.com\/?product=llave-remota-universal\" \/>\n<meta property=\"og:site_name\" content=\"MMJ CERRAJER\u00cdA\" \/>\n<meta property=\"article:modified_time\" content=\"2026-04-28T21:42:12+00:00\" \/>\n<meta property=\"og:image\" content=\"https:\/\/mmj.bcardmexico.com\/wp-content\/uploads\/2026\/04\/tocu.jpg\" \/>\n\t<meta property=\"og:image:width\" content=\"1080\" \/>\n\t<meta property=\"og:image:height\" content=\"1080\" \/>\n\t<meta property=\"og:image:type\" content=\"image\/jpeg\" \/>\n<meta name=\"twitter:card\" content=\"summary_large_image\" \/>\n<meta name=\"twitter:label1\" content=\"Tiempo de lectura\" \/>\n\t<meta name=\"twitter:data1\" content=\"1 minuto\" \/>\n<script type=\"application\/ld+json\" class=\"yoast-schema-graph\">{\"@context\":\"https:\/\/schema.org\",\"@graph\":[{\"@type\":\"WebPage\",\"@id\":\"https:\/\/mmj.bcardmexico.com\/?product=llave-remota-universal\",\"url\":\"https:\/\/mmj.bcardmexico.com\/?product=llave-remota-universal\",\"name\":\"Llave Remota Universal - MMJ CERRAJER\u00cdA\",\"isPartOf\":{\"@id\":\"https:\/\/mmj.bcardmexico.com\/#website\"},\"primaryImageOfPage\":{\"@id\":\"https:\/\/mmj.bcardmexico.com\/?product=llave-remota-universal#primaryimage\"},\"image\":{\"@id\":\"https:\/\/mmj.bcardmexico.com\/?product=llave-remota-universal#primaryimage\"},\"thumbnailUrl\":\"https:\/\/mmj.bcardmexico.com\/wp-content\/uploads\/2026\/04\/tocu.jpg\",\"datePublished\":\"2026-04-28T21:42:11+00:00\",\"dateModified\":\"2026-04-28T21:42:12+00:00\",\"breadcrumb\":{\"@id\":\"https:\/\/mmj.bcardmexico.com\/?product=llave-remota-universal#breadcrumb\"},\"inLanguage\":\"es\",\"potentialAction\":[{\"@type\":\"ReadAction\",\"target\":[\"https:\/\/mmj.bcardmexico.com\/?product=llave-remota-universal\"]}]},{\"@type\":\"ImageObject\",\"inLanguage\":\"es\",\"@id\":\"https:\/\/mmj.bcardmexico.com\/?product=llave-remota-universal#primaryimage\",\"url\":\"https:\/\/mmj.bcardmexico.com\/wp-content\/uploads\/2026\/04\/tocu.jpg\",\"contentUrl\":\"https:\/\/mmj.bcardmexico.com\/wp-content\/uploads\/2026\/04\/tocu.jpg\",\"width\":1080,\"height\":1080},{\"@type\":\"BreadcrumbList\",\"@id\":\"https:\/\/mmj.bcardmexico.com\/?product=llave-remota-universal#breadcrumb\",\"itemListElement\":[{\"@type\":\"ListItem\",\"position\":1,\"name\":\"Home\",\"item\":\"https:\/\/mmj.bcardmexico.com\/\"},{\"@type\":\"ListItem\",\"position\":2,\"name\":\"Shop\",\"item\":\"https:\/\/mmj.bcardmexico.com\/?page_id=12\"},{\"@type\":\"ListItem\",\"position\":3,\"name\":\"Llave Remota Universal\"}]},{\"@type\":\"WebSite\",\"@id\":\"https:\/\/mmj.bcardmexico.com\/#website\",\"url\":\"https:\/\/mmj.bcardmexico.com\/\",\"name\":\"MMJ CERRAJER\u00cdA\",\"description\":\"MMJ\",\"publisher\":{\"@id\":\"https:\/\/mmj.bcardmexico.com\/#organization\"},\"alternateName\":\"MMJ CERRAJER\u00cdA\",\"potentialAction\":[{\"@type\":\"SearchAction\",\"target\":{\"@type\":\"EntryPoint\",\"urlTemplate\":\"https:\/\/mmj.bcardmexico.com\/?s={search_term_string}\"},\"query-input\":{\"@type\":\"PropertyValueSpecification\",\"valueRequired\":true,\"valueName\":\"search_term_string\"}}],\"inLanguage\":\"es\"},{\"@type\":\"Organization\",\"@id\":\"https:\/\/mmj.bcardmexico.com\/#organization\",\"name\":\"MMJ CERRAJER\u00cdA\",\"url\":\"https:\/\/mmj.bcardmexico.com\/\",\"logo\":{\"@type\":\"ImageObject\",\"inLanguage\":\"es\",\"@id\":\"https:\/\/mmj.bcardmexico.com\/#\/schema\/logo\/image\/\",\"url\":\"https:\/\/mmj.bcardmexico.com\/wp-content\/uploads\/2022\/06\/Logo-cars-2x.png\",\"contentUrl\":\"https:\/\/mmj.bcardmexico.com\/wp-content\/uploads\/2022\/06\/Logo-cars-2x.png\",\"width\":355,\"height\":130,\"caption\":\"MMJ CERRAJER\u00cdA\"},\"image\":{\"@id\":\"https:\/\/mmj.bcardmexico.com\/#\/schema\/logo\/image\/\"}}]}<\/script>\n<!-- \/ Yoast SEO Premium plugin. -->","yoast_head_json":{"title":"Llave Remota Universal - MMJ CERRAJER\u00cdA","robots":{"index":"index","follow":"follow","max-snippet":"max-snippet:-1","max-image-preview":"max-image-preview:large","max-video-preview":"max-video-preview:-1"},"canonical":"https:\/\/mmj.bcardmexico.com\/?product=llave-remota-universal","og_locale":"es_MX","og_type":"article","og_title":"Llave Remota Universal","og_description":"1.100% carcasa de llave modificada nueva y de alta calidad con pantalla LCD. 2. Un cerrajero profesional necesita soldar el tablero de control remoto de la llave original. 3. de la llave LCD Funciones: desbloquear, bloquear, cambiar la caja trasera. 4. No admite la tecla de la aplicaci\u00f3n m\u00f3vil, sin funci\u00f3n de entrada c\u00f3moda. 5.Adecuado para todos los coches originales con funci\u00f3n de arranque de una tecla, no apto para todas las llaves manuales de coche de enchufe directo. 6. Confirme si tiene una funci\u00f3n de inicio clave antes de comprar. Es mejor enviar una foto de su llave original para confirmar.","og_url":"https:\/\/mmj.bcardmexico.com\/?product=llave-remota-universal","og_site_name":"MMJ CERRAJER\u00cdA","article_modified_time":"2026-04-28T21:42:12+00:00","og_image":[{"width":1080,"height":1080,"url":"https:\/\/mmj.bcardmexico.com\/wp-content\/uploads\/2026\/04\/tocu.jpg","type":"image\/jpeg"}],"twitter_card":"summary_large_image","twitter_misc":{"Tiempo de lectura":"1 minuto"},"schema":{"@context":"https:\/\/schema.org","@graph":[{"@type":"WebPage","@id":"https:\/\/mmj.bcardmexico.com\/?product=llave-remota-universal","url":"https:\/\/mmj.bcardmexico.com\/?product=llave-remota-universal","name":"Llave Remota Universal - MMJ CERRAJER\u00cdA","isPartOf":{"@id":"https:\/\/mmj.bcardmexico.com\/#website"},"primaryImageOfPage":{"@id":"https:\/\/mmj.bcardmexico.com\/?product=llave-remota-universal#primaryimage"},"image":{"@id":"https:\/\/mmj.bcardmexico.com\/?product=llave-remota-universal#primaryimage"},"thumbnailUrl":"https:\/\/mmj.bcardmexico.com\/wp-content\/uploads\/2026\/04\/tocu.jpg","datePublished":"2026-04-28T21:42:11+00:00","dateModified":"2026-04-28T21:42:12+00:00","breadcrumb":{"@id":"https:\/\/mmj.bcardmexico.com\/?product=llave-remota-universal#breadcrumb"},"inLanguage":"es","potentialAction":[{"@type":"ReadAction","target":["https:\/\/mmj.bcardmexico.com\/?product=llave-remota-universal"]}]},{"@type":"ImageObject","inLanguage":"es","@id":"https:\/\/mmj.bcardmexico.com\/?product=llave-remota-universal#primaryimage","url":"https:\/\/mmj.bcardmexico.com\/wp-content\/uploads\/2026\/04\/tocu.jpg","contentUrl":"https:\/\/mmj.bcardmexico.com\/wp-content\/uploads\/2026\/04\/tocu.jpg","width":1080,"height":1080},{"@type":"BreadcrumbList","@id":"https:\/\/mmj.bcardmexico.com\/?product=llave-remota-universal#breadcrumb","itemListElement":[{"@type":"ListItem","position":1,"name":"Home","item":"https:\/\/mmj.bcardmexico.com\/"},{"@type":"ListItem","position":2,"name":"Shop","item":"https:\/\/mmj.bcardmexico.com\/?page_id=12"},{"@type":"ListItem","position":3,"name":"Llave Remota Universal"}]},{"@type":"WebSite","@id":"https:\/\/mmj.bcardmexico.com\/#website","url":"https:\/\/mmj.bcardmexico.com\/","name":"MMJ CERRAJER\u00cdA","description":"MMJ","publisher":{"@id":"https:\/\/mmj.bcardmexico.com\/#organization"},"alternateName":"MMJ CERRAJER\u00cdA","potentialAction":[{"@type":"SearchAction","target":{"@type":"EntryPoint","urlTemplate":"https:\/\/mmj.bcardmexico.com\/?s={search_term_string}"},"query-input":{"@type":"PropertyValueSpecification","valueRequired":true,"valueName":"search_term_string"}}],"inLanguage":"es"},{"@type":"Organization","@id":"https:\/\/mmj.bcardmexico.com\/#organization","name":"MMJ CERRAJER\u00cdA","url":"https:\/\/mmj.bcardmexico.com\/","logo":{"@type":"ImageObject","inLanguage":"es","@id":"https:\/\/mmj.bcardmexico.com\/#\/schema\/logo\/image\/","url":"https:\/\/mmj.bcardmexico.com\/wp-content\/uploads\/2022\/06\/Logo-cars-2x.png","contentUrl":"https:\/\/mmj.bcardmexico.com\/wp-content\/uploads\/2022\/06\/Logo-cars-2x.png","width":355,"height":130,"caption":"MMJ CERRAJER\u00cdA"},"image":{"@id":"https:\/\/mmj.bcardmexico.com\/#\/schema\/logo\/image\/"}}]}},"_links":{"self":[{"href":"https:\/\/mmj.bcardmexico.com\/index.php?rest_route=\/wp\/v2\/product\/2007","targetHints":{"allow":["GET"]}}],"collection":[{"href":"https:\/\/mmj.bcardmexico.com\/index.php?rest_route=\/wp\/v2\/product"}],"about":[{"href":"https:\/\/mmj.bcardmexico.com\/index.php?rest_route=\/wp\/v2\/types\/product"}],"replies":[{"embeddable":true,"href":"https:\/\/mmj.bcardmexico.com\/index.php?rest_route=%2Fwp%2Fv2%2Fcomments&post=2007"}],"version-history":[{"count":1,"href":"https:\/\/mmj.bcardmexico.com\/index.php?rest_route=\/wp\/v2\/product\/2007\/revisions"}],"predecessor-version":[{"id":2010,"href":"https:\/\/mmj.bcardmexico.com\/index.php?rest_route=\/wp\/v2\/product\/2007\/revisions\/2010"}],"wp:featuredmedia":[{"embeddable":true,"href":"https:\/\/mmj.bcardmexico.com\/index.php?rest_route=\/wp\/v2\/media\/2008"}],"wp:attachment":[{"href":"https:\/\/mmj.bcardmexico.com\/index.php?rest_route=%2Fwp%2Fv2%2Fmedia&parent=2007"}],"wp:term":[{"taxonomy":"brand","embeddable":true,"href":"https:\/\/mmj.bcardmexico.com\/index.php?rest_route=%2Fwp%2Fv2%2Fetheme_brands&post=2007"},{"taxonomy":"product_brand","embeddable":true,"href":"https:\/\/mmj.bcardmexico.com\/index.php?rest_route=%2Fwp%2Fv2%2Fproduct_brand&post=2007"},{"taxonomy":"product_cat","embeddable":true,"href":"https:\/\/mmj.bcardmexico.com\/index.php?rest_route=%2Fwp%2Fv2%2Fproduct_cat&post=2007"},{"taxonomy":"product_tag","embeddable":true,"href":"https:\/\/mmj.bcardmexico.com\/index.php?rest_route=%2Fwp%2Fv2%2Fproduct_tag&post=2007"}],"curies":[{"name":"wp","href":"https:\/\/api.w.org\/{rel}","templated":true}]}}