{"id":1990,"date":"2026-04-28T21:22:36","date_gmt":"2026-04-28T21:22:36","guid":{"rendered":"https:\/\/mmj.bcardmexico.com\/?post_type=product&#038;p=1990"},"modified":"2026-04-28T21:22:37","modified_gmt":"2026-04-28T21:22:37","slug":"cilindro-puerta-spark-beat","status":"publish","type":"product","link":"https:\/\/mmj.bcardmexico.com\/?product=cilindro-puerta-spark-beat","title":{"rendered":"Cilindro Puerta Spark Beat"},"content":{"rendered":"<p>VENTAJAS DEL PRODUCTO: Con estos CILINDROS DE PUERTAS, notar\u00e1s una gran diferencia en el desempe\u00f1o de tu CHEVROLET COLORADO desde 2004 hasta 2012, pues est\u00e1n elaborados y dise\u00f1ados con los mejores materiales y de la m\u00e1s alta calidad, por ello cumplen con todos los est\u00e1ndares de una pieza original, otorg\u00e1ndote seguridad y satisfacci\u00f3n total.<\/p>\n","protected":false},"excerpt":{"rendered":"<p>ESPECIFICACIONES: &#8211;<\/p>\n<p>Marca: GENERICA\u00ae &#8211;<\/p>\n<p>N\u00famero de parte: 314254991566791 &#8211;<\/p>\n<p>Cantidad: 1 Juego -Lado: Ambos lados &#8211;<\/p>\n<p>Eje: Delantero -Acabado: Cromado -Llave: Con llave &#8211;<\/p>\n<p>Material: Metal -Origen del producto: Taiw\u00e1n &#8211;<\/p>\n<p>Condici\u00f3n del producto: Nuevo &#8211;<\/p>\n<p>Garant\u00eda: 90 D\u00edas<\/p>\n","protected":false},"featured_media":1991,"comment_status":"open","ping_status":"closed","template":"","meta":[],"etheme_brands":[],"product_brand":[],"product_cat":[55],"product_tag":[],"class_list":{"0":"post-1990","1":"product","2":"type-product","3":"status-publish","4":"has-post-thumbnail","6":"product_cat-switch","8":"first","9":"instock","10":"shipping-taxable","11":"product-type-simple"},"yoast_head":"<!-- This site is optimized with the Yoast SEO Premium plugin v23.4 (Yoast SEO v23.4) - https:\/\/yoast.com\/wordpress\/plugins\/seo\/ -->\n<title>Cilindro Puerta Spark Beat - MMJ CERRAJER\u00cdA<\/title>\n<meta name=\"robots\" content=\"index, follow, max-snippet:-1, max-image-preview:large, max-video-preview:-1\" \/>\n<link rel=\"canonical\" href=\"https:\/\/mmj.bcardmexico.com\/?product=cilindro-puerta-spark-beat\" \/>\n<meta property=\"og:locale\" content=\"es_MX\" \/>\n<meta property=\"og:type\" content=\"article\" \/>\n<meta property=\"og:title\" content=\"Cilindro Puerta Spark Beat\" \/>\n<meta property=\"og:description\" content=\"ESPECIFICACIONES: -  Marca: GENERICA\u00ae -  N\u00famero de parte: 314254991566791 -  Cantidad: 1 Juego -Lado: Ambos lados -  Eje: Delantero -Acabado: Cromado -Llave: Con llave -  Material: Metal -Origen del producto: Taiw\u00e1n -  Condici\u00f3n del producto: Nuevo -  Garant\u00eda: 90 D\u00edas\" \/>\n<meta property=\"og:url\" content=\"https:\/\/mmj.bcardmexico.com\/?product=cilindro-puerta-spark-beat\" \/>\n<meta property=\"og:site_name\" content=\"MMJ CERRAJER\u00cdA\" \/>\n<meta property=\"article:modified_time\" content=\"2026-04-28T21:22:37+00:00\" \/>\n<meta property=\"og:image\" content=\"https:\/\/mmj.bcardmexico.com\/wp-content\/uploads\/2026\/04\/Puerta-spark-beat.jpg\" \/>\n\t<meta property=\"og:image:width\" content=\"1080\" \/>\n\t<meta property=\"og:image:height\" content=\"1080\" \/>\n\t<meta property=\"og:image:type\" content=\"image\/jpeg\" \/>\n<meta name=\"twitter:card\" content=\"summary_large_image\" \/>\n<meta name=\"twitter:label1\" content=\"Tiempo de lectura\" \/>\n\t<meta name=\"twitter:data1\" content=\"1 minuto\" \/>\n<script type=\"application\/ld+json\" class=\"yoast-schema-graph\">{\"@context\":\"https:\/\/schema.org\",\"@graph\":[{\"@type\":\"WebPage\",\"@id\":\"https:\/\/mmj.bcardmexico.com\/?product=cilindro-puerta-spark-beat\",\"url\":\"https:\/\/mmj.bcardmexico.com\/?product=cilindro-puerta-spark-beat\",\"name\":\"Cilindro Puerta Spark Beat - MMJ CERRAJER\u00cdA\",\"isPartOf\":{\"@id\":\"https:\/\/mmj.bcardmexico.com\/#website\"},\"primaryImageOfPage\":{\"@id\":\"https:\/\/mmj.bcardmexico.com\/?product=cilindro-puerta-spark-beat#primaryimage\"},\"image\":{\"@id\":\"https:\/\/mmj.bcardmexico.com\/?product=cilindro-puerta-spark-beat#primaryimage\"},\"thumbnailUrl\":\"https:\/\/mmj.bcardmexico.com\/wp-content\/uploads\/2026\/04\/Puerta-spark-beat.jpg\",\"datePublished\":\"2026-04-28T21:22:36+00:00\",\"dateModified\":\"2026-04-28T21:22:37+00:00\",\"breadcrumb\":{\"@id\":\"https:\/\/mmj.bcardmexico.com\/?product=cilindro-puerta-spark-beat#breadcrumb\"},\"inLanguage\":\"es\",\"potentialAction\":[{\"@type\":\"ReadAction\",\"target\":[\"https:\/\/mmj.bcardmexico.com\/?product=cilindro-puerta-spark-beat\"]}]},{\"@type\":\"ImageObject\",\"inLanguage\":\"es\",\"@id\":\"https:\/\/mmj.bcardmexico.com\/?product=cilindro-puerta-spark-beat#primaryimage\",\"url\":\"https:\/\/mmj.bcardmexico.com\/wp-content\/uploads\/2026\/04\/Puerta-spark-beat.jpg\",\"contentUrl\":\"https:\/\/mmj.bcardmexico.com\/wp-content\/uploads\/2026\/04\/Puerta-spark-beat.jpg\",\"width\":1080,\"height\":1080},{\"@type\":\"BreadcrumbList\",\"@id\":\"https:\/\/mmj.bcardmexico.com\/?product=cilindro-puerta-spark-beat#breadcrumb\",\"itemListElement\":[{\"@type\":\"ListItem\",\"position\":1,\"name\":\"Home\",\"item\":\"https:\/\/mmj.bcardmexico.com\/\"},{\"@type\":\"ListItem\",\"position\":2,\"name\":\"Shop\",\"item\":\"https:\/\/mmj.bcardmexico.com\/?page_id=12\"},{\"@type\":\"ListItem\",\"position\":3,\"name\":\"Cilindro Puerta Spark Beat\"}]},{\"@type\":\"WebSite\",\"@id\":\"https:\/\/mmj.bcardmexico.com\/#website\",\"url\":\"https:\/\/mmj.bcardmexico.com\/\",\"name\":\"MMJ CERRAJER\u00cdA\",\"description\":\"MMJ\",\"publisher\":{\"@id\":\"https:\/\/mmj.bcardmexico.com\/#organization\"},\"alternateName\":\"MMJ CERRAJER\u00cdA\",\"potentialAction\":[{\"@type\":\"SearchAction\",\"target\":{\"@type\":\"EntryPoint\",\"urlTemplate\":\"https:\/\/mmj.bcardmexico.com\/?s={search_term_string}\"},\"query-input\":{\"@type\":\"PropertyValueSpecification\",\"valueRequired\":true,\"valueName\":\"search_term_string\"}}],\"inLanguage\":\"es\"},{\"@type\":\"Organization\",\"@id\":\"https:\/\/mmj.bcardmexico.com\/#organization\",\"name\":\"MMJ CERRAJER\u00cdA\",\"url\":\"https:\/\/mmj.bcardmexico.com\/\",\"logo\":{\"@type\":\"ImageObject\",\"inLanguage\":\"es\",\"@id\":\"https:\/\/mmj.bcardmexico.com\/#\/schema\/logo\/image\/\",\"url\":\"https:\/\/mmj.bcardmexico.com\/wp-content\/uploads\/2022\/06\/Logo-cars-2x.png\",\"contentUrl\":\"https:\/\/mmj.bcardmexico.com\/wp-content\/uploads\/2022\/06\/Logo-cars-2x.png\",\"width\":355,\"height\":130,\"caption\":\"MMJ CERRAJER\u00cdA\"},\"image\":{\"@id\":\"https:\/\/mmj.bcardmexico.com\/#\/schema\/logo\/image\/\"}}]}<\/script>\n<!-- \/ Yoast SEO Premium plugin. -->","yoast_head_json":{"title":"Cilindro Puerta Spark Beat - MMJ CERRAJER\u00cdA","robots":{"index":"index","follow":"follow","max-snippet":"max-snippet:-1","max-image-preview":"max-image-preview:large","max-video-preview":"max-video-preview:-1"},"canonical":"https:\/\/mmj.bcardmexico.com\/?product=cilindro-puerta-spark-beat","og_locale":"es_MX","og_type":"article","og_title":"Cilindro Puerta Spark Beat","og_description":"ESPECIFICACIONES: -  Marca: GENERICA\u00ae -  N\u00famero de parte: 314254991566791 -  Cantidad: 1 Juego -Lado: Ambos lados -  Eje: Delantero -Acabado: Cromado -Llave: Con llave -  Material: Metal -Origen del producto: Taiw\u00e1n -  Condici\u00f3n del producto: Nuevo -  Garant\u00eda: 90 D\u00edas","og_url":"https:\/\/mmj.bcardmexico.com\/?product=cilindro-puerta-spark-beat","og_site_name":"MMJ CERRAJER\u00cdA","article_modified_time":"2026-04-28T21:22:37+00:00","og_image":[{"width":1080,"height":1080,"url":"https:\/\/mmj.bcardmexico.com\/wp-content\/uploads\/2026\/04\/Puerta-spark-beat.jpg","type":"image\/jpeg"}],"twitter_card":"summary_large_image","twitter_misc":{"Tiempo de lectura":"1 minuto"},"schema":{"@context":"https:\/\/schema.org","@graph":[{"@type":"WebPage","@id":"https:\/\/mmj.bcardmexico.com\/?product=cilindro-puerta-spark-beat","url":"https:\/\/mmj.bcardmexico.com\/?product=cilindro-puerta-spark-beat","name":"Cilindro Puerta Spark Beat - MMJ CERRAJER\u00cdA","isPartOf":{"@id":"https:\/\/mmj.bcardmexico.com\/#website"},"primaryImageOfPage":{"@id":"https:\/\/mmj.bcardmexico.com\/?product=cilindro-puerta-spark-beat#primaryimage"},"image":{"@id":"https:\/\/mmj.bcardmexico.com\/?product=cilindro-puerta-spark-beat#primaryimage"},"thumbnailUrl":"https:\/\/mmj.bcardmexico.com\/wp-content\/uploads\/2026\/04\/Puerta-spark-beat.jpg","datePublished":"2026-04-28T21:22:36+00:00","dateModified":"2026-04-28T21:22:37+00:00","breadcrumb":{"@id":"https:\/\/mmj.bcardmexico.com\/?product=cilindro-puerta-spark-beat#breadcrumb"},"inLanguage":"es","potentialAction":[{"@type":"ReadAction","target":["https:\/\/mmj.bcardmexico.com\/?product=cilindro-puerta-spark-beat"]}]},{"@type":"ImageObject","inLanguage":"es","@id":"https:\/\/mmj.bcardmexico.com\/?product=cilindro-puerta-spark-beat#primaryimage","url":"https:\/\/mmj.bcardmexico.com\/wp-content\/uploads\/2026\/04\/Puerta-spark-beat.jpg","contentUrl":"https:\/\/mmj.bcardmexico.com\/wp-content\/uploads\/2026\/04\/Puerta-spark-beat.jpg","width":1080,"height":1080},{"@type":"BreadcrumbList","@id":"https:\/\/mmj.bcardmexico.com\/?product=cilindro-puerta-spark-beat#breadcrumb","itemListElement":[{"@type":"ListItem","position":1,"name":"Home","item":"https:\/\/mmj.bcardmexico.com\/"},{"@type":"ListItem","position":2,"name":"Shop","item":"https:\/\/mmj.bcardmexico.com\/?page_id=12"},{"@type":"ListItem","position":3,"name":"Cilindro Puerta Spark Beat"}]},{"@type":"WebSite","@id":"https:\/\/mmj.bcardmexico.com\/#website","url":"https:\/\/mmj.bcardmexico.com\/","name":"MMJ CERRAJER\u00cdA","description":"MMJ","publisher":{"@id":"https:\/\/mmj.bcardmexico.com\/#organization"},"alternateName":"MMJ CERRAJER\u00cdA","potentialAction":[{"@type":"SearchAction","target":{"@type":"EntryPoint","urlTemplate":"https:\/\/mmj.bcardmexico.com\/?s={search_term_string}"},"query-input":{"@type":"PropertyValueSpecification","valueRequired":true,"valueName":"search_term_string"}}],"inLanguage":"es"},{"@type":"Organization","@id":"https:\/\/mmj.bcardmexico.com\/#organization","name":"MMJ CERRAJER\u00cdA","url":"https:\/\/mmj.bcardmexico.com\/","logo":{"@type":"ImageObject","inLanguage":"es","@id":"https:\/\/mmj.bcardmexico.com\/#\/schema\/logo\/image\/","url":"https:\/\/mmj.bcardmexico.com\/wp-content\/uploads\/2022\/06\/Logo-cars-2x.png","contentUrl":"https:\/\/mmj.bcardmexico.com\/wp-content\/uploads\/2022\/06\/Logo-cars-2x.png","width":355,"height":130,"caption":"MMJ CERRAJER\u00cdA"},"image":{"@id":"https:\/\/mmj.bcardmexico.com\/#\/schema\/logo\/image\/"}}]}},"_links":{"self":[{"href":"https:\/\/mmj.bcardmexico.com\/index.php?rest_route=\/wp\/v2\/product\/1990","targetHints":{"allow":["GET"]}}],"collection":[{"href":"https:\/\/mmj.bcardmexico.com\/index.php?rest_route=\/wp\/v2\/product"}],"about":[{"href":"https:\/\/mmj.bcardmexico.com\/index.php?rest_route=\/wp\/v2\/types\/product"}],"replies":[{"embeddable":true,"href":"https:\/\/mmj.bcardmexico.com\/index.php?rest_route=%2Fwp%2Fv2%2Fcomments&post=1990"}],"version-history":[{"count":1,"href":"https:\/\/mmj.bcardmexico.com\/index.php?rest_route=\/wp\/v2\/product\/1990\/revisions"}],"predecessor-version":[{"id":1992,"href":"https:\/\/mmj.bcardmexico.com\/index.php?rest_route=\/wp\/v2\/product\/1990\/revisions\/1992"}],"wp:featuredmedia":[{"embeddable":true,"href":"https:\/\/mmj.bcardmexico.com\/index.php?rest_route=\/wp\/v2\/media\/1991"}],"wp:attachment":[{"href":"https:\/\/mmj.bcardmexico.com\/index.php?rest_route=%2Fwp%2Fv2%2Fmedia&parent=1990"}],"wp:term":[{"taxonomy":"brand","embeddable":true,"href":"https:\/\/mmj.bcardmexico.com\/index.php?rest_route=%2Fwp%2Fv2%2Fetheme_brands&post=1990"},{"taxonomy":"product_brand","embeddable":true,"href":"https:\/\/mmj.bcardmexico.com\/index.php?rest_route=%2Fwp%2Fv2%2Fproduct_brand&post=1990"},{"taxonomy":"product_cat","embeddable":true,"href":"https:\/\/mmj.bcardmexico.com\/index.php?rest_route=%2Fwp%2Fv2%2Fproduct_cat&post=1990"},{"taxonomy":"product_tag","embeddable":true,"href":"https:\/\/mmj.bcardmexico.com\/index.php?rest_route=%2Fwp%2Fv2%2Fproduct_tag&post=1990"}],"curies":[{"name":"wp","href":"https:\/\/api.w.org\/{rel}","templated":true}]}}