{"id":1973,"date":"2026-04-28T21:06:22","date_gmt":"2026-04-28T21:06:22","guid":{"rendered":"https:\/\/mmj.bcardmexico.com\/?post_type=product&#038;p=1973"},"modified":"2026-04-28T21:06:23","modified_gmt":"2026-04-28T21:06:23","slug":"interruptor-chapa-encendido-para-kia","status":"publish","type":"product","link":"https:\/\/mmj.bcardmexico.com\/?product=interruptor-chapa-encendido-para-kia","title":{"rendered":"Interruptor Chapa Encendido Para Kia"},"content":{"rendered":"<p>Rendimiento: reemplaza el cilindro de bloqueo de direcci\u00f3n del interruptor de encendido viejo o roto para evitar problemas como no poder arrancar el coche o girar el motor o abrir o cerrar la puerta u otros. Hecho de metal de calidad y construcci\u00f3n confiable, duradero y confiable en su uso. No es f\u00e1cil de oxidar, corroer o pelar. Instala una nueva cerradura de cilindro o puerta con cerradura de encendido y deja que las piezas de autom\u00f3vil que contiene funcionen mejor.<\/p>\n","protected":false},"excerpt":{"rendered":"<h2 class=\"ui-pdp-description__title\" data-testid=\"title\">Descripci\u00f3n<\/h2>\n<p class=\"ui-pdp-description__content\" data-testid=\"content\">Compatibilidad del veh\u00edculo: para Kia Optima 2011-2015 para Kia Rio 2013-2017 Con p\u00e1nico.<\/p>\n<p class=\"ui-pdp-description__content\" data-testid=\"content\">Sistema de cierre centralizado<\/p>\n<p class=\"ui-pdp-description__content\" data-testid=\"content\">Informaci\u00f3n del producto: material: pl\u00e1stico, metal Color: negro, gris Pin: 6 pines. Compruebe el tama\u00f1o detallado en las im\u00e1genes.<\/p>\n","protected":false},"featured_media":1974,"comment_status":"open","ping_status":"closed","template":"","meta":[],"etheme_brands":[],"product_brand":[],"product_cat":[55],"product_tag":[],"class_list":{"0":"post-1973","1":"product","2":"type-product","3":"status-publish","4":"has-post-thumbnail","6":"product_cat-switch","8":"first","9":"instock","10":"shipping-taxable","11":"product-type-simple"},"yoast_head":"<!-- This site is optimized with the Yoast SEO Premium plugin v23.4 (Yoast SEO v23.4) - https:\/\/yoast.com\/wordpress\/plugins\/seo\/ -->\n<title>Interruptor Chapa Encendido Para Kia - MMJ CERRAJER\u00cdA<\/title>\n<meta name=\"robots\" content=\"index, follow, max-snippet:-1, max-image-preview:large, max-video-preview:-1\" \/>\n<link rel=\"canonical\" href=\"https:\/\/mmj.bcardmexico.com\/?product=interruptor-chapa-encendido-para-kia\" \/>\n<meta property=\"og:locale\" content=\"es_MX\" \/>\n<meta property=\"og:type\" content=\"article\" \/>\n<meta property=\"og:title\" content=\"Interruptor Chapa Encendido Para Kia\" \/>\n<meta property=\"og:description\" content=\"Descripci\u00f3n Compatibilidad del veh\u00edculo: para Kia Optima 2011-2015 para Kia Rio 2013-2017 Con p\u00e1nico. Sistema de cierre centralizado Informaci\u00f3n del producto: material: pl\u00e1stico, metal Color: negro, gris Pin: 6 pines. Compruebe el tama\u00f1o detallado en las im\u00e1genes.\" \/>\n<meta property=\"og:url\" content=\"https:\/\/mmj.bcardmexico.com\/?product=interruptor-chapa-encendido-para-kia\" \/>\n<meta property=\"og:site_name\" content=\"MMJ CERRAJER\u00cdA\" \/>\n<meta property=\"article:modified_time\" content=\"2026-04-28T21:06:23+00:00\" \/>\n<meta property=\"og:image\" content=\"https:\/\/mmj.bcardmexico.com\/wp-content\/uploads\/2026\/04\/JGO-KIA.jpg\" \/>\n\t<meta property=\"og:image:width\" content=\"1080\" \/>\n\t<meta property=\"og:image:height\" content=\"1080\" \/>\n\t<meta property=\"og:image:type\" content=\"image\/jpeg\" \/>\n<meta name=\"twitter:card\" content=\"summary_large_image\" \/>\n<meta name=\"twitter:label1\" content=\"Tiempo de lectura\" \/>\n\t<meta name=\"twitter:data1\" content=\"1 minuto\" \/>\n<script type=\"application\/ld+json\" class=\"yoast-schema-graph\">{\"@context\":\"https:\/\/schema.org\",\"@graph\":[{\"@type\":\"WebPage\",\"@id\":\"https:\/\/mmj.bcardmexico.com\/?product=interruptor-chapa-encendido-para-kia\",\"url\":\"https:\/\/mmj.bcardmexico.com\/?product=interruptor-chapa-encendido-para-kia\",\"name\":\"Interruptor Chapa Encendido Para Kia - MMJ CERRAJER\u00cdA\",\"isPartOf\":{\"@id\":\"https:\/\/mmj.bcardmexico.com\/#website\"},\"primaryImageOfPage\":{\"@id\":\"https:\/\/mmj.bcardmexico.com\/?product=interruptor-chapa-encendido-para-kia#primaryimage\"},\"image\":{\"@id\":\"https:\/\/mmj.bcardmexico.com\/?product=interruptor-chapa-encendido-para-kia#primaryimage\"},\"thumbnailUrl\":\"https:\/\/mmj.bcardmexico.com\/wp-content\/uploads\/2026\/04\/JGO-KIA.jpg\",\"datePublished\":\"2026-04-28T21:06:22+00:00\",\"dateModified\":\"2026-04-28T21:06:23+00:00\",\"breadcrumb\":{\"@id\":\"https:\/\/mmj.bcardmexico.com\/?product=interruptor-chapa-encendido-para-kia#breadcrumb\"},\"inLanguage\":\"es\",\"potentialAction\":[{\"@type\":\"ReadAction\",\"target\":[\"https:\/\/mmj.bcardmexico.com\/?product=interruptor-chapa-encendido-para-kia\"]}]},{\"@type\":\"ImageObject\",\"inLanguage\":\"es\",\"@id\":\"https:\/\/mmj.bcardmexico.com\/?product=interruptor-chapa-encendido-para-kia#primaryimage\",\"url\":\"https:\/\/mmj.bcardmexico.com\/wp-content\/uploads\/2026\/04\/JGO-KIA.jpg\",\"contentUrl\":\"https:\/\/mmj.bcardmexico.com\/wp-content\/uploads\/2026\/04\/JGO-KIA.jpg\",\"width\":1080,\"height\":1080},{\"@type\":\"BreadcrumbList\",\"@id\":\"https:\/\/mmj.bcardmexico.com\/?product=interruptor-chapa-encendido-para-kia#breadcrumb\",\"itemListElement\":[{\"@type\":\"ListItem\",\"position\":1,\"name\":\"Home\",\"item\":\"https:\/\/mmj.bcardmexico.com\/\"},{\"@type\":\"ListItem\",\"position\":2,\"name\":\"Shop\",\"item\":\"https:\/\/mmj.bcardmexico.com\/?page_id=12\"},{\"@type\":\"ListItem\",\"position\":3,\"name\":\"Interruptor Chapa Encendido Para Kia\"}]},{\"@type\":\"WebSite\",\"@id\":\"https:\/\/mmj.bcardmexico.com\/#website\",\"url\":\"https:\/\/mmj.bcardmexico.com\/\",\"name\":\"MMJ CERRAJER\u00cdA\",\"description\":\"MMJ\",\"publisher\":{\"@id\":\"https:\/\/mmj.bcardmexico.com\/#organization\"},\"alternateName\":\"MMJ CERRAJER\u00cdA\",\"potentialAction\":[{\"@type\":\"SearchAction\",\"target\":{\"@type\":\"EntryPoint\",\"urlTemplate\":\"https:\/\/mmj.bcardmexico.com\/?s={search_term_string}\"},\"query-input\":{\"@type\":\"PropertyValueSpecification\",\"valueRequired\":true,\"valueName\":\"search_term_string\"}}],\"inLanguage\":\"es\"},{\"@type\":\"Organization\",\"@id\":\"https:\/\/mmj.bcardmexico.com\/#organization\",\"name\":\"MMJ CERRAJER\u00cdA\",\"url\":\"https:\/\/mmj.bcardmexico.com\/\",\"logo\":{\"@type\":\"ImageObject\",\"inLanguage\":\"es\",\"@id\":\"https:\/\/mmj.bcardmexico.com\/#\/schema\/logo\/image\/\",\"url\":\"https:\/\/mmj.bcardmexico.com\/wp-content\/uploads\/2022\/06\/Logo-cars-2x.png\",\"contentUrl\":\"https:\/\/mmj.bcardmexico.com\/wp-content\/uploads\/2022\/06\/Logo-cars-2x.png\",\"width\":355,\"height\":130,\"caption\":\"MMJ CERRAJER\u00cdA\"},\"image\":{\"@id\":\"https:\/\/mmj.bcardmexico.com\/#\/schema\/logo\/image\/\"}}]}<\/script>\n<!-- \/ Yoast SEO Premium plugin. -->","yoast_head_json":{"title":"Interruptor Chapa Encendido Para Kia - MMJ CERRAJER\u00cdA","robots":{"index":"index","follow":"follow","max-snippet":"max-snippet:-1","max-image-preview":"max-image-preview:large","max-video-preview":"max-video-preview:-1"},"canonical":"https:\/\/mmj.bcardmexico.com\/?product=interruptor-chapa-encendido-para-kia","og_locale":"es_MX","og_type":"article","og_title":"Interruptor Chapa Encendido Para Kia","og_description":"Descripci\u00f3n Compatibilidad del veh\u00edculo: para Kia Optima 2011-2015 para Kia Rio 2013-2017 Con p\u00e1nico. Sistema de cierre centralizado Informaci\u00f3n del producto: material: pl\u00e1stico, metal Color: negro, gris Pin: 6 pines. Compruebe el tama\u00f1o detallado en las im\u00e1genes.","og_url":"https:\/\/mmj.bcardmexico.com\/?product=interruptor-chapa-encendido-para-kia","og_site_name":"MMJ CERRAJER\u00cdA","article_modified_time":"2026-04-28T21:06:23+00:00","og_image":[{"width":1080,"height":1080,"url":"https:\/\/mmj.bcardmexico.com\/wp-content\/uploads\/2026\/04\/JGO-KIA.jpg","type":"image\/jpeg"}],"twitter_card":"summary_large_image","twitter_misc":{"Tiempo de lectura":"1 minuto"},"schema":{"@context":"https:\/\/schema.org","@graph":[{"@type":"WebPage","@id":"https:\/\/mmj.bcardmexico.com\/?product=interruptor-chapa-encendido-para-kia","url":"https:\/\/mmj.bcardmexico.com\/?product=interruptor-chapa-encendido-para-kia","name":"Interruptor Chapa Encendido Para Kia - MMJ CERRAJER\u00cdA","isPartOf":{"@id":"https:\/\/mmj.bcardmexico.com\/#website"},"primaryImageOfPage":{"@id":"https:\/\/mmj.bcardmexico.com\/?product=interruptor-chapa-encendido-para-kia#primaryimage"},"image":{"@id":"https:\/\/mmj.bcardmexico.com\/?product=interruptor-chapa-encendido-para-kia#primaryimage"},"thumbnailUrl":"https:\/\/mmj.bcardmexico.com\/wp-content\/uploads\/2026\/04\/JGO-KIA.jpg","datePublished":"2026-04-28T21:06:22+00:00","dateModified":"2026-04-28T21:06:23+00:00","breadcrumb":{"@id":"https:\/\/mmj.bcardmexico.com\/?product=interruptor-chapa-encendido-para-kia#breadcrumb"},"inLanguage":"es","potentialAction":[{"@type":"ReadAction","target":["https:\/\/mmj.bcardmexico.com\/?product=interruptor-chapa-encendido-para-kia"]}]},{"@type":"ImageObject","inLanguage":"es","@id":"https:\/\/mmj.bcardmexico.com\/?product=interruptor-chapa-encendido-para-kia#primaryimage","url":"https:\/\/mmj.bcardmexico.com\/wp-content\/uploads\/2026\/04\/JGO-KIA.jpg","contentUrl":"https:\/\/mmj.bcardmexico.com\/wp-content\/uploads\/2026\/04\/JGO-KIA.jpg","width":1080,"height":1080},{"@type":"BreadcrumbList","@id":"https:\/\/mmj.bcardmexico.com\/?product=interruptor-chapa-encendido-para-kia#breadcrumb","itemListElement":[{"@type":"ListItem","position":1,"name":"Home","item":"https:\/\/mmj.bcardmexico.com\/"},{"@type":"ListItem","position":2,"name":"Shop","item":"https:\/\/mmj.bcardmexico.com\/?page_id=12"},{"@type":"ListItem","position":3,"name":"Interruptor Chapa Encendido Para Kia"}]},{"@type":"WebSite","@id":"https:\/\/mmj.bcardmexico.com\/#website","url":"https:\/\/mmj.bcardmexico.com\/","name":"MMJ CERRAJER\u00cdA","description":"MMJ","publisher":{"@id":"https:\/\/mmj.bcardmexico.com\/#organization"},"alternateName":"MMJ CERRAJER\u00cdA","potentialAction":[{"@type":"SearchAction","target":{"@type":"EntryPoint","urlTemplate":"https:\/\/mmj.bcardmexico.com\/?s={search_term_string}"},"query-input":{"@type":"PropertyValueSpecification","valueRequired":true,"valueName":"search_term_string"}}],"inLanguage":"es"},{"@type":"Organization","@id":"https:\/\/mmj.bcardmexico.com\/#organization","name":"MMJ CERRAJER\u00cdA","url":"https:\/\/mmj.bcardmexico.com\/","logo":{"@type":"ImageObject","inLanguage":"es","@id":"https:\/\/mmj.bcardmexico.com\/#\/schema\/logo\/image\/","url":"https:\/\/mmj.bcardmexico.com\/wp-content\/uploads\/2022\/06\/Logo-cars-2x.png","contentUrl":"https:\/\/mmj.bcardmexico.com\/wp-content\/uploads\/2022\/06\/Logo-cars-2x.png","width":355,"height":130,"caption":"MMJ CERRAJER\u00cdA"},"image":{"@id":"https:\/\/mmj.bcardmexico.com\/#\/schema\/logo\/image\/"}}]}},"_links":{"self":[{"href":"https:\/\/mmj.bcardmexico.com\/index.php?rest_route=\/wp\/v2\/product\/1973","targetHints":{"allow":["GET"]}}],"collection":[{"href":"https:\/\/mmj.bcardmexico.com\/index.php?rest_route=\/wp\/v2\/product"}],"about":[{"href":"https:\/\/mmj.bcardmexico.com\/index.php?rest_route=\/wp\/v2\/types\/product"}],"replies":[{"embeddable":true,"href":"https:\/\/mmj.bcardmexico.com\/index.php?rest_route=%2Fwp%2Fv2%2Fcomments&post=1973"}],"version-history":[{"count":1,"href":"https:\/\/mmj.bcardmexico.com\/index.php?rest_route=\/wp\/v2\/product\/1973\/revisions"}],"predecessor-version":[{"id":1977,"href":"https:\/\/mmj.bcardmexico.com\/index.php?rest_route=\/wp\/v2\/product\/1973\/revisions\/1977"}],"wp:featuredmedia":[{"embeddable":true,"href":"https:\/\/mmj.bcardmexico.com\/index.php?rest_route=\/wp\/v2\/media\/1974"}],"wp:attachment":[{"href":"https:\/\/mmj.bcardmexico.com\/index.php?rest_route=%2Fwp%2Fv2%2Fmedia&parent=1973"}],"wp:term":[{"taxonomy":"brand","embeddable":true,"href":"https:\/\/mmj.bcardmexico.com\/index.php?rest_route=%2Fwp%2Fv2%2Fetheme_brands&post=1973"},{"taxonomy":"product_brand","embeddable":true,"href":"https:\/\/mmj.bcardmexico.com\/index.php?rest_route=%2Fwp%2Fv2%2Fproduct_brand&post=1973"},{"taxonomy":"product_cat","embeddable":true,"href":"https:\/\/mmj.bcardmexico.com\/index.php?rest_route=%2Fwp%2Fv2%2Fproduct_cat&post=1973"},{"taxonomy":"product_tag","embeddable":true,"href":"https:\/\/mmj.bcardmexico.com\/index.php?rest_route=%2Fwp%2Fv2%2Fproduct_tag&post=1973"}],"curies":[{"name":"wp","href":"https:\/\/api.w.org\/{rel}","templated":true}]}}